{"id":60180,"date":"2017-11-28T19:04:53","date_gmt":"2017-11-28T18:04:53","guid":{"rendered":"https:\/\/fotomojo.fr\/?page_id=60180"},"modified":"2017-11-28T19:04:53","modified_gmt":"2017-11-28T18:04:53","slug":"partner-zone","status":"publish","type":"page","link":"https:\/\/fotomojo.fr\/en\/partner-zone\/","title":{"rendered":"Partner Zone"},"content":{"rendered":"\t<p class=\"no-access\">The affiliate area is available only for registered affiliates.<\/p>\n\n<form id=\"affwp-login-form-8463\" class=\"affwp-form affwp-login-form\" action=\"\" method=\"post\">\n\t\n\t<fieldset>\n\t\t<legend>Log into your account<\/legend>\n\n\t\t\n\t\t<p>\n\t\t\t<label for=\"affwp-login-user-login\">Username<\/label>\n\t\t\t<input id=\"affwp-login-user-login\" class=\"required\" type=\"text\" name=\"affwp_user_login\" title=\"Username\" \/>\n\t\t<\/p>\n\n\t\t<p>\n\t\t\t<label for=\"affwp-login-user-pass\">Password<\/label>\n\t\t\t<input id=\"affwp-login-user-pass\" class=\"password required\" type=\"password\" name=\"affwp_user_pass\" \/>\n\t\t<\/p>\n\n\t\t<p>\n\t\t\t<label class=\"affwp-user-remember\" for=\"affwp-user-remember\">\n\t\t\t\t<input id=\"affwp-user-remember\" type=\"checkbox\" name=\"affwp_user_remember\" value=\"1\" \/> Remember Me\t\t\t<\/label>\n\t\t<\/p>\n\n\n\t\t<p>\n\t\t\t<input type=\"hidden\" name=\"affwp_redirect\" value=\"https:\/\/fotomojo.fr\/en\/wp-json\/wp\/v2\/pages\/60180\"\/>\n\t\t\t<input type=\"hidden\" name=\"affwp_login_nonce\" value=\"ae9eeccfba\" \/>\n\t\t\t<input type=\"hidden\" name=\"affwp_action\" value=\"user_login\" \/>\n\n\t\t\t<input type=\"submit\" class=\"button\" value=\"Log In\" \/>\t\t<\/p>\n\n\t\t<p class=\"affwp-lost-password\">\n\t\t\t<a href=\"https:\/\/fotomojo.fr\/wp-login.php?action=lostpassword\">Lost your password?<\/a>\n\t\t<\/p>\n\n\t\t\t<\/fieldset>\n\n\t<\/form>\n\n<p><a href=\"https:\/\/fotomojo.fr\/conditions-generales-affiliation-fotoloco-fotomojo\/\">Conditions g\u00e9n\u00e9rales d&#8217;affiliation (l&#8217;utilisation de cette plateforme entra\u00eene l&#8217;acceptation des conditions g\u00e9n\u00e9rales)<\/a><\/p>\n<p>&nbsp;<\/p>\n","protected":false},"excerpt":{"rendered":"<p>Conditions g\u00e9n\u00e9rales d&#8217;affiliation (l&#8217;utilisation de cette plateforme entra\u00eene l&#8217;acceptation des conditions g\u00e9n\u00e9rales) &nbsp;<\/p>\n","protected":false},"author":1,"featured_media":0,"parent":0,"menu_order":0,"comment_status":"closed","ping_status":"open","template":"","meta":{"footnotes":""},"class_list":["post-60180","page","type-page","status-publish","hentry"],"_links":{"self":[{"href":"https:\/\/fotomojo.fr\/en\/wp-json\/wp\/v2\/pages\/60180","targetHints":{"allow":["GET"]}}],"collection":[{"href":"https:\/\/fotomojo.fr\/en\/wp-json\/wp\/v2\/pages"}],"about":[{"href":"https:\/\/fotomojo.fr\/en\/wp-json\/wp\/v2\/types\/page"}],"author":[{"embeddable":true,"href":"https:\/\/fotomojo.fr\/en\/wp-json\/wp\/v2\/users\/1"}],"replies":[{"embeddable":true,"href":"https:\/\/fotomojo.fr\/en\/wp-json\/wp\/v2\/comments?post=60180"}],"version-history":[{"count":1,"href":"https:\/\/fotomojo.fr\/en\/wp-json\/wp\/v2\/pages\/60180\/revisions"}],"predecessor-version":[{"id":60181,"href":"https:\/\/fotomojo.fr\/en\/wp-json\/wp\/v2\/pages\/60180\/revisions\/60181"}],"wp:attachment":[{"href":"https:\/\/fotomojo.fr\/en\/wp-json\/wp\/v2\/media?parent=60180"}],"curies":[{"name":"wp","href":"https:\/\/api.w.org\/{rel}","templated":true}]}}